{"id":17,"date":"2017-03-25T16:41:38","date_gmt":"2017-03-25T15:41:38","guid":{"rendered":"http:\/\/www.notebooky-pocitace.eu\/grandcru\/?page_id=17"},"modified":"2020-07-11T14:44:42","modified_gmt":"2020-07-11T12:44:42","slug":"aukce-hospices-de-beaune","status":"publish","type":"page","link":"https:\/\/www.grandcru.cz\/cs_CZ\/aukce-hospices-de-beaune\/","title":{"rendered":"AUKCE HOSPICES DE BEAUNE"},"content":{"rendered":"<p class=\"text--lead\">Nov\u00fd ro\u010dn\u00edk burgundsk\u00fdch v\u00edn je v\u017edy poprv\u00e9 p\u0159edstavov\u00e1n na aukci v\u00edn z Hospice de Beaune.<\/p>\n<p class=\"text--lead\">Pr\u00e1v\u011b tady obchodn\u00edci, v\u00fdznamn\u00ed soukrom\u00ed investo\u0159i a restaurat\u00e9\u0159i z cel\u00e9ho sv\u011bta ohodnot\u00ed ro\u010dn\u00edk cenou, za kterou jsou ochotni jednotliv\u00e1 v\u00edna vydra\u017eit.<\/p>\n<p class=\"text--lead\">Ceny dosa\u017een\u00e9 p\u0159i t\u00e9to aukci jsou v\u00fdznamn\u00fdm sign\u00e1lem pro ur\u010den\u00ed cen nejen b\u011b\u017en\u00fdch v\u00edn z Burgundska, ale tak\u00e9 v\u00edn z Bordeaux, jejich\u017e \u010das p\u0159ijde na ja\u0159e dal\u0161\u00edho roku.<\/p>\n<div class=\"iw-tag-group\">\u00a0<\/div>\n","protected":false},"excerpt":{"rendered":"<p class=\"text--lead\">Nov\u00fd ro\u010dn\u00edk burgundsk\u00fdch v\u00edn je v\u017edy poprv\u00e9 p\u0159edstavov\u00e1n na aukci v\u00edn z Hospice de Beaune.<\/p>\n<p class=\"text--lead\">Pr\u00e1v\u011b tady obchodn\u00edci, v\u00fdznamn\u00ed soukrom\u00ed investo\u0159i a restaurat\u00e9\u0159i z cel\u00e9ho sv\u011bta ohodnot\u00ed ro\u010dn\u00edk cenou, za ktero&#8230;<\/p>\n","protected":false},"author":1,"featured_media":726,"parent":0,"menu_order":0,"comment_status":"closed","ping_status":"closed","template":"","meta":[],"_links":{"self":[{"href":"https:\/\/www.grandcru.cz\/cs_CZ\/wp-json\/wp\/v2\/pages\/17"}],"collection":[{"href":"https:\/\/www.grandcru.cz\/cs_CZ\/wp-json\/wp\/v2\/pages"}],"about":[{"href":"https:\/\/www.grandcru.cz\/cs_CZ\/wp-json\/wp\/v2\/types\/page"}],"author":[{"embeddable":true,"href":"https:\/\/www.grandcru.cz\/cs_CZ\/wp-json\/wp\/v2\/users\/1"}],"replies":[{"embeddable":true,"href":"https:\/\/www.grandcru.cz\/cs_CZ\/wp-json\/wp\/v2\/comments?post=17"}],"version-history":[{"count":2,"href":"https:\/\/www.grandcru.cz\/cs_CZ\/wp-json\/wp\/v2\/pages\/17\/revisions"}],"predecessor-version":[{"id":253,"href":"https:\/\/www.grandcru.cz\/cs_CZ\/wp-json\/wp\/v2\/pages\/17\/revisions\/253"}],"wp:featuredmedia":[{"embeddable":true,"href":"https:\/\/www.grandcru.cz\/cs_CZ\/wp-json\/wp\/v2\/media\/726"}],"wp:attachment":[{"href":"https:\/\/www.grandcru.cz\/cs_CZ\/wp-json\/wp\/v2\/media?parent=17"}],"curies":[{"name":"wp","href":"https:\/\/api.w.org\/{rel}","templated":true}]}}